{"id":5288,"date":"2019-11-27T18:49:02","date_gmt":"2019-11-27T17:49:02","guid":{"rendered":"https:\/\/muzejtriljskogkraja.hr\/?page_id=5288"},"modified":"2023-01-04T12:12:00","modified_gmt":"2023-01-04T11:12:00","slug":"souvenirs-and-publications","status":"publish","type":"page","link":"https:\/\/muzejtriljskogkraja.hr\/en\/souvenirs-and-publications\/","title":{"rendered":"Souvenirs and publications"},"content":{"rendered":"\t\t<div data-elementor-type=\"wp-page\" data-elementor-id=\"5288\" class=\"elementor elementor-5288 elementor-4914\" data-elementor-post-type=\"page\">\n\t\t\t\t\t\t<section class=\"elementor-section elementor-top-section elementor-element elementor-element-ef1ac6c elementor-section-full_width elementor-section-height-default elementor-section-height-default\" data-id=\"ef1ac6c\" data-element_type=\"section\" data-e-type=\"section\">\n\t\t\t\t\t\t<div class=\"elementor-container elementor-column-gap-default\">\n\t\t\t\t\t<div class=\"elementor-column elementor-col-100 elementor-top-column elementor-element elementor-element-cf092d6\" data-id=\"cf092d6\" data-element_type=\"column\" data-e-type=\"column\" data-settings=\"{&quot;background_background&quot;:&quot;classic&quot;}\">\n\t\t\t<div class=\"elementor-widget-wrap elementor-element-populated\">\n\t\t\t\t\t\t<div class=\"elementor-element elementor-element-7a299d09 elementor-widget elementor-widget-ova_heading_page\" data-id=\"7a299d09\" data-element_type=\"widget\" data-e-type=\"widget\" data-widget_type=\"ova_heading_page.default\">\n\t\t\t\t<div class=\"elementor-widget-container\">\n\t\t\t\t\t\n\t\t<section class=\"heading-page\" style=\"background-image: url(https:\/\/muzejtriljskogkraja.hr\/wp-content\/uploads\/2019\/12\/publikacije.jpg)\" >\n\t\t\t<div class=\"container\">\n\t\t\t\t<div class=\"cta-content\">\n\t\t\t\t\t\t\t\t\t\t\t<h2 class=\"second_font\">Souvenirs and publications<\/h2>\n\t\t\t\t\t\t\t\t\t\t\n\t\t\t\t<\/div>\n\t\t\t<\/div>\n\t\t<\/section>\n\n\t\t\t\t\t<\/div>\n\t\t\t\t<\/div>\n\t\t\t\t<div class=\"elementor-element elementor-element-ab9c2c3 elementor-widget elementor-widget-spacer\" data-id=\"ab9c2c3\" data-element_type=\"widget\" data-e-type=\"widget\" data-widget_type=\"spacer.default\">\n\t\t\t\t<div class=\"elementor-widget-container\">\n\t\t\t\t\t\t\t<div class=\"elementor-spacer\">\n\t\t\t<div class=\"elementor-spacer-inner\"><\/div>\n\t\t<\/div>\n\t\t\t\t\t\t<\/div>\n\t\t\t\t<\/div>\n\t\t\t\t\t<\/div>\n\t\t<\/div>\n\t\t\t\t\t<\/div>\n\t\t<\/section>\n\t\t\t\t<section class=\"elementor-section elementor-top-section elementor-element elementor-element-79d0166d elementor-section-boxed elementor-section-height-default elementor-section-height-default\" data-id=\"79d0166d\" data-element_type=\"section\" data-e-type=\"section\">\n\t\t\t\t\t\t<div class=\"elementor-container elementor-column-gap-default\">\n\t\t\t\t\t<div class=\"elementor-column elementor-col-100 elementor-top-column elementor-element elementor-element-420a2a97\" data-id=\"420a2a97\" data-element_type=\"column\" data-e-type=\"column\">\n\t\t\t<div class=\"elementor-widget-wrap elementor-element-populated\">\n\t\t\t\t\t\t<div class=\"elementor-element elementor-element-b6a2b72 elementor-widget elementor-widget-ova_info\" data-id=\"b6a2b72\" data-element_type=\"widget\" data-e-type=\"widget\" data-widget_type=\"ova_info.default\">\n\t\t\t\t<div class=\"elementor-widget-container\">\n\t\t\t\t\t\t<div class=\"ova_info\">\n\t\t\t\t<div class=\"ova_info_staff\">\n\t\t\t\t\t\t\t<h3 class=\"title second_font\">Publication prices<\/h3>\n\t\t\t\t\t\t\t\t\t<div class=\"info-contact\">\n\t\t\t\t\n\t\t\t\t\t\t\t<\/div>\n\t\t<\/div>\n\t\t<!-- end .ova_info_staff -->\n\t\t\t\t\n\t\t\t<\/div>\n\t\t\t\t\t<\/div>\n\t\t\t\t<\/div>\n\t\t\t\t<div class=\"elementor-element elementor-element-171b66c elementor-widget elementor-widget-ova_info\" data-id=\"171b66c\" data-element_type=\"widget\" data-e-type=\"widget\" data-widget_type=\"ova_info.default\">\n\t\t\t\t<div class=\"elementor-widget-container\">\n\t\t\t\t\t\t<div class=\"ova_info\">\n\t\t\t\t<div class=\"ova_info_staff\">\n\t\t\t\t\t\t\t<h3 class=\"title second_font\">Roman spolia from Tilurium. A guide to the Trilj region<\/h3>\n\t\t\t\t\t\t\t\t\t\t<h4 class=\"sub-title\" >Publication<\/h4>\n\t\t\t\t\t\t<div class=\"info-contact\">\n\t\t\t\t\t\t\t\t\t<a href=\"tel:10,00 \u20ac\" class=\"phone\">10,00 \u20ac<\/a>\n\t\t\t\t\n\t\t\t\t\t\t\t<\/div>\n\t\t<\/div>\n\t\t<!-- end .ova_info_staff -->\n\t\t\t\t\n\t\t\t<\/div>\n\t\t\t\t\t<\/div>\n\t\t\t\t<\/div>\n\t\t\t\t<div class=\"elementor-element elementor-element-2d51a87 elementor-widget elementor-widget-ova_info\" data-id=\"2d51a87\" data-element_type=\"widget\" data-e-type=\"widget\" data-widget_type=\"ova_info.default\">\n\t\t\t\t<div class=\"elementor-widget-container\">\n\t\t\t\t\t\t<div class=\"ova_info\">\n\t\t\t\t<div class=\"ova_info_staff\">\n\t\t\t\t\t\t\t<h3 class=\"title second_font\">Storybook &quot;Legenda o \u017darku i Nutjaku&quot;<\/h3>\n\t\t\t\t\t\t\t\t\t\t<h4 class=\"sub-title\" >Publication<\/h4>\n\t\t\t\t\t\t<div class=\"info-contact\">\n\t\t\t\t\t\t\t\t\t<a href=\"tel:2,00 \u20ac\" class=\"phone\">2,00 \u20ac<\/a>\n\t\t\t\t\n\t\t\t\t\t\t\t<\/div>\n\t\t<\/div>\n\t\t<!-- end .ova_info_staff -->\n\t\t\t\t\n\t\t\t<\/div>\n\t\t\t\t\t<\/div>\n\t\t\t\t<\/div>\n\t\t\t\t<div class=\"elementor-element elementor-element-2876fdf elementor-widget elementor-widget-ova_info\" data-id=\"2876fdf\" data-element_type=\"widget\" data-e-type=\"widget\" data-widget_type=\"ova_info.default\">\n\t\t\t\t<div class=\"elementor-widget-container\">\n\t\t\t\t\t\t<div class=\"ova_info\">\n\t\t\t\t<div class=\"ova_info_staff\">\n\t\t\t\t\t\t\t<h3 class=\"title second_font\">Exhibition catalogue &quot;Utvrda Nutjak - pro\u0161lost, sada\u0161njost i budu\u0107nost&quot;<\/h3>\n\t\t\t\t\t\t\t\t\t\t<h4 class=\"sub-title\" >Publication<\/h4>\n\t\t\t\t\t\t<div class=\"info-contact\">\n\t\t\t\t\t\t\t\t\t<a href=\"tel:5,00 \u20ac\" class=\"phone\">5,00 \u20ac<\/a>\n\t\t\t\t\n\t\t\t\t\t\t\t<\/div>\n\t\t<\/div>\n\t\t<!-- end .ova_info_staff -->\n\t\t\t\t\n\t\t\t<\/div>\n\t\t\t\t\t<\/div>\n\t\t\t\t<\/div>\n\t\t\t\t<div class=\"elementor-element elementor-element-1c1e623 elementor-widget elementor-widget-ova_info\" data-id=\"1c1e623\" data-element_type=\"widget\" data-e-type=\"widget\" data-widget_type=\"ova_info.default\">\n\t\t\t\t<div class=\"elementor-widget-container\">\n\t\t\t\t\t\t<div class=\"ova_info\">\n\t\t\t\t<div class=\"ova_info_staff\">\n\t\t\t\t\t\t\t<h3 class=\"title second_font\">Spomenici VII. legije na podru\u010dju rimske provincije Dalmacije<\/h3>\n\t\t\t\t\t\t\t\t\t\t<h4 class=\"sub-title\" >Domagoj Ton\u010dini\u0107<\/h4>\n\t\t\t\t\t\t<div class=\"info-contact\">\n\t\t\t\t\t\t\t\t\t<a href=\"tel:16,00 \u20ac\" class=\"phone\">16,00 \u20ac<\/a>\n\t\t\t\t\n\t\t\t\t\t\t\t<\/div>\n\t\t<\/div>\n\t\t<!-- end .ova_info_staff -->\n\t\t\t\t\n\t\t\t<\/div>\n\t\t\t\t\t<\/div>\n\t\t\t\t<\/div>\n\t\t\t\t<div class=\"elementor-element elementor-element-6247f8f elementor-widget elementor-widget-ova_info\" data-id=\"6247f8f\" data-element_type=\"widget\" data-e-type=\"widget\" data-widget_type=\"ova_info.default\">\n\t\t\t\t<div class=\"elementor-widget-container\">\n\t\t\t\t\t\t<div class=\"ova_info\">\n\t\t\t\t<div class=\"ova_info_staff\">\n\t\t\t\t\t\t\t<h3 class=\"title second_font\">Tilurium - Roman Military Camp<\/h3>\n\t\t\t\t\t\t\t\t\t\t<h4 class=\"sub-title\" >Exhibition Guide<\/h4>\n\t\t\t\t\t\t<div class=\"info-contact\">\n\t\t\t\t\t\t\t\t\t<a href=\"tel:5,00 \u20ac\" class=\"phone\">5,00 \u20ac<\/a>\n\t\t\t\t\n\t\t\t\t\t\t\t<\/div>\n\t\t<\/div>\n\t\t<!-- end .ova_info_staff -->\n\t\t\t\t\n\t\t\t<\/div>\n\t\t\t\t\t<\/div>\n\t\t\t\t<\/div>\n\t\t\t\t<div class=\"elementor-element elementor-element-f65f322 elementor-widget elementor-widget-ova_info\" data-id=\"f65f322\" data-element_type=\"widget\" data-e-type=\"widget\" data-widget_type=\"ova_info.default\">\n\t\t\t\t<div class=\"elementor-widget-container\">\n\t\t\t\t\t\t<div class=\"ova_info\">\n\t\t\t\t<div class=\"ova_info_staff\">\n\t\t\t\t\t\t\t<h3 class=\"title second_font\">Kamo li vode na\u0161e vode?  <\/h3>\n\t\t\t\t\t\t\t\t\t\t<h4 class=\"sub-title\" >Publication<\/h4>\n\t\t\t\t\t\t<div class=\"info-contact\">\n\t\t\t\t\t\t\t\t\t<a href=\"tel:2,00 \u20ac\" class=\"phone\">2,00 \u20ac<\/a>\n\t\t\t\t\n\t\t\t\t\t\t\t<\/div>\n\t\t<\/div>\n\t\t<!-- end .ova_info_staff -->\n\t\t\t\t\n\t\t\t<\/div>\n\t\t\t\t\t<\/div>\n\t\t\t\t<\/div>\n\t\t\t\t<div class=\"elementor-element elementor-element-aad9261 elementor-widget elementor-widget-ova_info\" data-id=\"aad9261\" data-element_type=\"widget\" data-e-type=\"widget\" data-widget_type=\"ova_info.default\">\n\t\t\t\t<div class=\"elementor-widget-container\">\n\t\t\t\t\t\t<div class=\"ova_info\">\n\t\t\t\t<div class=\"ova_info_staff\">\n\t\t\t\t\t\t\t<h3 class=\"title second_font\">Trag dodira na kamenu   <\/h3>\n\t\t\t\t\t\t\t\t\t\t<h4 class=\"sub-title\" >Publication<\/h4>\n\t\t\t\t\t\t<div class=\"info-contact\">\n\t\t\t\t\t\t\t\t\t<a href=\"tel:2,00 \u20ac\" class=\"phone\">2,00 \u20ac<\/a>\n\t\t\t\t\n\t\t\t\t\t\t\t<\/div>\n\t\t<\/div>\n\t\t<!-- end .ova_info_staff -->\n\t\t\t\t\n\t\t\t<\/div>\n\t\t\t\t\t<\/div>\n\t\t\t\t<\/div>\n\t\t\t\t<div class=\"elementor-element elementor-element-54684e8 elementor-widget elementor-widget-ova_info\" data-id=\"54684e8\" data-element_type=\"widget\" data-e-type=\"widget\" data-widget_type=\"ova_info.default\">\n\t\t\t\t<div class=\"elementor-widget-container\">\n\t\t\t\t\t\t<div class=\"ova_info\">\n\t\t\t\t<div class=\"ova_info_staff\">\n\t\t\t\t\t\t\t<h3 class=\"title second_font\">Food and Ancient Roman Eating Habits  Exemplified by the Military Camp of Tilurium <\/h3>\n\t\t\t\t\t\t\t\t\t\t<h4 class=\"sub-title\" >Publication<\/h4>\n\t\t\t\t\t\t<div class=\"info-contact\">\n\t\t\t\t\t\t\t\t\t<a href=\"tel:4,00 \u20ac\" class=\"phone\">4,00 \u20ac<\/a>\n\t\t\t\t\n\t\t\t\t\t\t\t<\/div>\n\t\t<\/div>\n\t\t<!-- end .ova_info_staff -->\n\t\t\t\t\n\t\t\t<\/div>\n\t\t\t\t\t<\/div>\n\t\t\t\t<\/div>\n\t\t\t\t<div class=\"elementor-element elementor-element-0e3d2b0 elementor-widget elementor-widget-ova_info\" data-id=\"0e3d2b0\" data-element_type=\"widget\" data-e-type=\"widget\" data-widget_type=\"ova_info.default\">\n\t\t\t\t<div class=\"elementor-widget-container\">\n\t\t\t\t\t\t<div class=\"ova_info\">\n\t\t\t\t<div class=\"ova_info_staff\">\n\t\t\t\t\t\t\t<h3 class=\"title second_font\">Spend a Day with Legionary Julius!<\/h3>\n\t\t\t\t\t\t\t\t\t\t<h4 class=\"sub-title\" >Colorbook<\/h4>\n\t\t\t\t\t\t<div class=\"info-contact\">\n\t\t\t\t\t\t\t\t\t<a href=\"tel:4,00 \u20ac\" class=\"phone\">4,00 \u20ac<\/a>\n\t\t\t\t\n\t\t\t\t\t\t\t<\/div>\n\t\t<\/div>\n\t\t<!-- end .ova_info_staff -->\n\t\t\t\t\n\t\t\t<\/div>\n\t\t\t\t\t<\/div>\n\t\t\t\t<\/div>\n\t\t\t\t<div class=\"elementor-element elementor-element-c9e34ff elementor-widget elementor-widget-spacer\" data-id=\"c9e34ff\" data-element_type=\"widget\" data-e-type=\"widget\" data-widget_type=\"spacer.default\">\n\t\t\t\t<div class=\"elementor-widget-container\">\n\t\t\t\t\t\t\t<div class=\"elementor-spacer\">\n\t\t\t<div class=\"elementor-spacer-inner\"><\/div>\n\t\t<\/div>\n\t\t\t\t\t\t<\/div>\n\t\t\t\t<\/div>\n\t\t\t\t<div class=\"elementor-element elementor-element-7e066b8 elementor-widget elementor-widget-ova_info\" data-id=\"7e066b8\" data-element_type=\"widget\" data-e-type=\"widget\" data-widget_type=\"ova_info.default\">\n\t\t\t\t<div class=\"elementor-widget-container\">\n\t\t\t\t\t\t<div class=\"ova_info\">\n\t\t\t\t<div class=\"ova_info_staff\">\n\t\t\t\t\t\t\t<h3 class=\"title second_font\">Souvenir prices<\/h3>\n\t\t\t\t\t\t\t\t\t<div class=\"info-contact\">\n\t\t\t\t\n\t\t\t\t\t\t\t<\/div>\n\t\t<\/div>\n\t\t<!-- end .ova_info_staff -->\n\t\t\t\t\n\t\t\t<\/div>\n\t\t\t\t\t<\/div>\n\t\t\t\t<\/div>\n\t\t\t\t<div class=\"elementor-element elementor-element-a6c9076 elementor-widget elementor-widget-ova_info\" data-id=\"a6c9076\" data-element_type=\"widget\" data-e-type=\"widget\" data-widget_type=\"ova_info.default\">\n\t\t\t\t<div class=\"elementor-widget-container\">\n\t\t\t\t\t\t<div class=\"ova_info\">\n\t\t\t\t<div class=\"ova_info_staff\">\n\t\t\t\t\t\t\t<h3 class=\"title second_font\">Memory  <\/h3>\n\t\t\t\t\t\t\t\t\t\t<h4 class=\"sub-title\" >Game<\/h4>\n\t\t\t\t\t\t<div class=\"info-contact\">\n\t\t\t\t\t\t\t\t\t<a href=\"tel:5,00 \u20ac\" class=\"phone\">5,00 \u20ac<\/a>\n\t\t\t\t\n\t\t\t\t\t\t\t<\/div>\n\t\t<\/div>\n\t\t<!-- end .ova_info_staff -->\n\t\t\t\t\n\t\t\t<\/div>\n\t\t\t\t\t<\/div>\n\t\t\t\t<\/div>\n\t\t\t\t<div class=\"elementor-element elementor-element-8311e11 elementor-widget elementor-widget-ova_info\" data-id=\"8311e11\" data-element_type=\"widget\" data-e-type=\"widget\" data-widget_type=\"ova_info.default\">\n\t\t\t\t<div class=\"elementor-widget-container\">\n\t\t\t\t\t\t<div class=\"ova_info\">\n\t\t\t\t<div class=\"ova_info_staff\">\n\t\t\t\t\t\t\t<h3 class=\"title second_font\">Magnet (pcs) <\/h3>\n\t\t\t\t\t\t\t\t\t<div class=\"info-contact\">\n\t\t\t\t\t\t\t\t\t<a href=\"tel:2,00 \u20ac\" class=\"phone\">2,00 \u20ac<\/a>\n\t\t\t\t\n\t\t\t\t\t\t\t<\/div>\n\t\t<\/div>\n\t\t<!-- end .ova_info_staff -->\n\t\t\t\t\n\t\t\t<\/div>\n\t\t\t\t\t<\/div>\n\t\t\t\t<\/div>\n\t\t\t\t\t<\/div>\n\t\t<\/div>\n\t\t\t\t\t<\/div>\n\t\t<\/section>\n\t\t\t\t<section class=\"elementor-section elementor-top-section elementor-element elementor-element-17aa7626 elementor-section-boxed elementor-section-height-default elementor-section-height-default\" data-id=\"17aa7626\" data-element_type=\"section\" data-e-type=\"section\">\n\t\t\t\t\t\t<div class=\"elementor-container elementor-column-gap-default\">\n\t\t\t\t\t<div class=\"elementor-column elementor-col-100 elementor-top-column elementor-element elementor-element-734534f4\" data-id=\"734534f4\" data-element_type=\"column\" data-e-type=\"column\">\n\t\t\t<div class=\"elementor-widget-wrap elementor-element-populated\">\n\t\t\t\t\t\t<div class=\"elementor-element elementor-element-74979c97 elementor-widget elementor-widget-heading\" data-id=\"74979c97\" data-element_type=\"widget\" data-e-type=\"widget\" data-widget_type=\"heading.default\">\n\t\t\t\t<div class=\"elementor-widget-container\">\n\t\t\t\t\t<h2 class=\"elementor-heading-title elementor-size-default\">Contact us +385 (0)21 831 905<\/h2>\t\t\t\t<\/div>\n\t\t\t\t<\/div>\n\t\t\t\t<div class=\"elementor-element elementor-element-34ece4df line-height-26 elementor-widget elementor-widget-text-editor\" data-id=\"34ece4df\" data-element_type=\"widget\" data-e-type=\"widget\" data-widget_type=\"text-editor.default\">\n\t\t\t\t<div class=\"elementor-widget-container\">\n\t\t\t\t\t\t\t\t\t<span style=\"color: #777777;\">We are always at your disposal.<\/span>\t\t\t\t\t\t\t\t<\/div>\n\t\t\t\t<\/div>\n\t\t\t\t<div class=\"elementor-element elementor-element-55593e7c elementor-align-center elementor-widget elementor-widget-button\" data-id=\"55593e7c\" data-element_type=\"widget\" data-e-type=\"widget\" data-widget_type=\"button.default\">\n\t\t\t\t<div class=\"elementor-widget-container\">\n\t\t\t\t\t\t\t\t\t<div class=\"elementor-button-wrapper\">\n\t\t\t\t\t<a class=\"elementor-button elementor-button-link elementor-size-sm\" href=\"https:\/\/muzejtriljskogkraja.hr\/web\/en\/contacts\/\">\n\t\t\t\t\t\t<span class=\"elementor-button-content-wrapper\">\n\t\t\t\t\t\t\t\t\t<span class=\"elementor-button-text\">Contact Us<\/span>\n\t\t\t\t\t<\/span>\n\t\t\t\t\t<\/a>\n\t\t\t\t<\/div>\n\t\t\t\t\t\t\t\t<\/div>\n\t\t\t\t<\/div>\n\t\t\t\t\t<\/div>\n\t\t<\/div>\n\t\t\t\t\t<\/div>\n\t\t<\/section>\n\t\t\t\t<\/div>\n\t\t","protected":false},"excerpt":{"rendered":"<p>Souvenirs and publications Publication prices Roman spolia from Tilurium. A guide to the Trilj region Publication 10,00 \u20ac Storybook &quot;Legenda o \u017darku i Nutjaku&quot; Publication 2,00 \u20ac Exhibition catalogue &quot;Utvrda Nutjak &#8211; pro\u0161lost, sada\u0161njost i budu\u0107nost&quot; Publication 5,00 \u20ac Spomenici VII. legije na podru\u010dju rimske provincije Dalmacije Domagoj Ton\u010dini\u0107 16,00 \u20ac Tilurium &#8211; Roman Military [&hellip;]<\/p>\n","protected":false},"author":1,"featured_media":0,"parent":0,"menu_order":0,"comment_status":"closed","ping_status":"closed","template":"elementor_header_footer","meta":{"footnotes":""},"class_list":["post-5288","page","type-page","status-publish","hentry"],"_links":{"self":[{"href":"https:\/\/muzejtriljskogkraja.hr\/en\/wp-json\/wp\/v2\/pages\/5288","targetHints":{"allow":["GET"]}}],"collection":[{"href":"https:\/\/muzejtriljskogkraja.hr\/en\/wp-json\/wp\/v2\/pages"}],"about":[{"href":"https:\/\/muzejtriljskogkraja.hr\/en\/wp-json\/wp\/v2\/types\/page"}],"author":[{"embeddable":true,"href":"https:\/\/muzejtriljskogkraja.hr\/en\/wp-json\/wp\/v2\/users\/1"}],"replies":[{"embeddable":true,"href":"https:\/\/muzejtriljskogkraja.hr\/en\/wp-json\/wp\/v2\/comments?post=5288"}],"version-history":[{"count":26,"href":"https:\/\/muzejtriljskogkraja.hr\/en\/wp-json\/wp\/v2\/pages\/5288\/revisions"}],"predecessor-version":[{"id":6578,"href":"https:\/\/muzejtriljskogkraja.hr\/en\/wp-json\/wp\/v2\/pages\/5288\/revisions\/6578"}],"wp:attachment":[{"href":"https:\/\/muzejtriljskogkraja.hr\/en\/wp-json\/wp\/v2\/media?parent=5288"}],"curies":[{"name":"wp","href":"https:\/\/api.w.org\/{rel}","templated":true}]}}