{"id":5263,"date":"2019-11-27T18:20:58","date_gmt":"2019-11-27T17:20:58","guid":{"rendered":"https:\/\/muzejtriljskogkraja.hr\/?page_id=5263"},"modified":"2019-12-04T11:40:39","modified_gmt":"2019-12-04T10:40:39","slug":"medieval-collection","status":"publish","type":"page","link":"https:\/\/muzejtriljskogkraja.hr\/en\/medieval-collection\/","title":{"rendered":"Medieval collection"},"content":{"rendered":"\t\t<div data-elementor-type=\"wp-page\" data-elementor-id=\"5263\" class=\"elementor elementor-5263 elementor-5049\" data-elementor-post-type=\"page\">\n\t\t\t\t\t\t<section class=\"elementor-section elementor-top-section elementor-element elementor-element-5cf22550 elementor-section-full_width elementor-section-height-default elementor-section-height-default\" data-id=\"5cf22550\" data-element_type=\"section\" data-e-type=\"section\">\n\t\t\t\t\t\t<div class=\"elementor-container elementor-column-gap-default\">\n\t\t\t\t\t<div class=\"elementor-column elementor-col-100 elementor-top-column elementor-element elementor-element-5f701fcd\" data-id=\"5f701fcd\" data-element_type=\"column\" data-e-type=\"column\" data-settings=\"{&quot;background_background&quot;:&quot;classic&quot;}\">\n\t\t\t<div class=\"elementor-widget-wrap elementor-element-populated\">\n\t\t\t\t\t\t<div class=\"elementor-element elementor-element-55ecff1c elementor-widget elementor-widget-ova_slideshow\" data-id=\"55ecff1c\" data-element_type=\"widget\" data-e-type=\"widget\" data-widget_type=\"ova_slideshow.default\">\n\t\t\t\t<div class=\"elementor-widget-container\">\n\t\t\t\t\t\t\t<div class=\"ova_slideshow elementor-slides-wrapper line_style \" dir=\"ltr\">\n\t\t\t<div class=\"elementor-slides owl-carousel owl-theme owl-loaded animated owl-animated-out owl-animated-in\" data-owl_carousel=\"{&quot;items&quot;:1,&quot;singleItem&quot;:1,&quot;autoplayTimeout&quot;:9000,&quot;autoplay&quot;:false,&quot;loop&quot;:false,&quot;nav&quot;:false,&quot;dots&quot;:false,&quot;rtl&quot;:false,&quot;dotsClass&quot;:&quot;owl-dots hide_in_mobile&quot;,&quot;mouseDrag&quot;:false,&quot;navText&quot;:[&quot;&lt;i class=\\&quot;ti-angle-left\\&quot;&gt;&lt;\\\/i&gt;&quot;,&quot;&lt;i class=\\&quot;ti-angle-right\\&quot;&gt;&lt;\\\/i&gt;&quot;]}\">\n\t\t\t\t<div class=\" elementor-repeater-item-0529d33 items\" data-dot=\" <div>Slide 1<\/div> <button><span><\/span><\/button>\"><div class=\" slide-bg elementor-ken-out\" ><\/div>\n\t\t\t<div class=\"slide-inner\"><div class=\"elementor-background-overlay\"><\/div><div class=\"container\"><div class=\"row\"><div class=\"elementor-slide-content\"><div data-animation=\"fadeInUp\" data-animation_dur=\"500\" class=\"second_font elementor-slide-subtitle\" style=\"animation-duration: 500ms\">Medieval collection<\/div><div data-animation=\"fadeInUp\" data-animation_dur=\"1000\"  class=\"second_font elementor-slide-title \" style=\"animation-duration: 1000ms\">It's mostly the findings of military equipment and tools<\/div><div class=\"elementor-slide-description\"><\/div><a href=\"#\" data-animation=\"slideInUp\" data-animation_dur=\"2000\" style=\"animation-duration: 2000ms\" class=\"elementor-slide-button \">More<\/a><\/div><\/div><\/div><\/div><\/div>\t\t\t<\/div>\n\t\t<\/div>\n\t\t\t\t\t\t<\/div>\n\t\t\t\t<\/div>\n\t\t\t\t\t<\/div>\n\t\t<\/div>\n\t\t\t\t\t<\/div>\n\t\t<\/section>\n\t\t\t\t<section class=\"elementor-section elementor-top-section elementor-element elementor-element-73f9dd07 elementor-section-boxed elementor-section-height-default elementor-section-height-default\" data-id=\"73f9dd07\" data-element_type=\"section\" data-e-type=\"section\">\n\t\t\t\t\t\t<div class=\"elementor-container elementor-column-gap-default\">\n\t\t\t\t\t<div class=\"elementor-column elementor-col-100 elementor-top-column elementor-element elementor-element-253a03c2\" data-id=\"253a03c2\" data-element_type=\"column\" data-e-type=\"column\">\n\t\t\t<div class=\"elementor-widget-wrap elementor-element-populated\">\n\t\t\t\t\t\t<div class=\"elementor-element elementor-element-4eecfb07 elementor-widget elementor-widget-spacer\" data-id=\"4eecfb07\" data-element_type=\"widget\" data-e-type=\"widget\" data-widget_type=\"spacer.default\">\n\t\t\t\t<div class=\"elementor-widget-container\">\n\t\t\t\t\t\t\t<div class=\"elementor-spacer\">\n\t\t\t<div class=\"elementor-spacer-inner\"><\/div>\n\t\t<\/div>\n\t\t\t\t\t\t<\/div>\n\t\t\t\t<\/div>\n\t\t\t\t<div class=\"elementor-element elementor-element-1b79f18d line-height-32 elementor-widget elementor-widget-text-editor\" data-id=\"1b79f18d\" data-element_type=\"widget\" data-e-type=\"widget\" data-widget_type=\"text-editor.default\">\n\t\t\t\t<div class=\"elementor-widget-container\">\n\t\t\t\t\t\t\t\t\t<span style=\"color: #888888;\"> Medieval archaeological collection consists mostly of military equipment artefacts (spears, arrow tips), tools (axes, knives) and artefacts found in \u010ca\u010dvina medieval fortress (stone cannon balls and moulds for making them), which was mentioned for the first time in 1371, as well as Nutjak fortress which was built by Poljica prince \u017darko Dra\u017eojevi\u0107 in the 15th century.<\/span>\t\t\t\t\t\t\t\t<\/div>\n\t\t\t\t<\/div>\n\t\t\t\t\t<\/div>\n\t\t<\/div>\n\t\t\t\t\t<\/div>\n\t\t<\/section>\n\t\t\t\t<section class=\"elementor-section elementor-top-section elementor-element elementor-element-4ebb8520 elementor-section-boxed elementor-section-height-default elementor-section-height-default\" data-id=\"4ebb8520\" data-element_type=\"section\" data-e-type=\"section\">\n\t\t\t\t\t\t<div class=\"elementor-container elementor-column-gap-default\">\n\t\t\t\t\t<div class=\"elementor-column elementor-col-100 elementor-top-column elementor-element elementor-element-39d0ff30\" data-id=\"39d0ff30\" data-element_type=\"column\" data-e-type=\"column\">\n\t\t\t<div class=\"elementor-widget-wrap elementor-element-populated\">\n\t\t\t\t\t\t<div class=\"elementor-element elementor-element-40b4d3d6 elementor-widget elementor-widget-spacer\" data-id=\"40b4d3d6\" data-element_type=\"widget\" data-e-type=\"widget\" data-widget_type=\"spacer.default\">\n\t\t\t\t<div class=\"elementor-widget-container\">\n\t\t\t\t\t\t\t<div class=\"elementor-spacer\">\n\t\t\t<div class=\"elementor-spacer-inner\"><\/div>\n\t\t<\/div>\n\t\t\t\t\t\t<\/div>\n\t\t\t\t<\/div>\n\t\t\t\t\t<\/div>\n\t\t<\/div>\n\t\t\t\t\t<\/div>\n\t\t<\/section>\n\t\t\t\t<\/div>\n\t\t","protected":false},"excerpt":{"rendered":"<p>Slide 1 &#8220;> Medieval collectionIt&#8217;s mostly the findings of military equipment and toolsMore Medieval archaeological collection consists mostly of military equipment artefacts (spears, arrow tips), tools (axes, knives) and artefacts found in \u010ca\u010dvina medieval fortress (stone cannon balls and moulds for making them), which was mentioned for the first time in 1371, as well as [&hellip;]<\/p>\n","protected":false},"author":1,"featured_media":0,"parent":0,"menu_order":0,"comment_status":"closed","ping_status":"closed","template":"elementor_header_footer","meta":{"footnotes":""},"class_list":["post-5263","page","type-page","status-publish","hentry"],"_links":{"self":[{"href":"https:\/\/muzejtriljskogkraja.hr\/en\/wp-json\/wp\/v2\/pages\/5263","targetHints":{"allow":["GET"]}}],"collection":[{"href":"https:\/\/muzejtriljskogkraja.hr\/en\/wp-json\/wp\/v2\/pages"}],"about":[{"href":"https:\/\/muzejtriljskogkraja.hr\/en\/wp-json\/wp\/v2\/types\/page"}],"author":[{"embeddable":true,"href":"https:\/\/muzejtriljskogkraja.hr\/en\/wp-json\/wp\/v2\/users\/1"}],"replies":[{"embeddable":true,"href":"https:\/\/muzejtriljskogkraja.hr\/en\/wp-json\/wp\/v2\/comments?post=5263"}],"version-history":[{"count":3,"href":"https:\/\/muzejtriljskogkraja.hr\/en\/wp-json\/wp\/v2\/pages\/5263\/revisions"}],"predecessor-version":[{"id":5526,"href":"https:\/\/muzejtriljskogkraja.hr\/en\/wp-json\/wp\/v2\/pages\/5263\/revisions\/5526"}],"wp:attachment":[{"href":"https:\/\/muzejtriljskogkraja.hr\/en\/wp-json\/wp\/v2\/media?parent=5263"}],"curies":[{"name":"wp","href":"https:\/\/api.w.org\/{rel}","templated":true}]}}